{"id":8,"date":"2020-10-30T18:14:08","date_gmt":"2020-10-30T17:14:08","guid":{"rendered":"http:\/\/www.35robotki.bluserwer.pl\/?page_id=8"},"modified":"2026-02-03T15:08:43","modified_gmt":"2026-02-03T14:08:43","slug":"o-nas","status":"publish","type":"page","link":"https:\/\/www.35robotki.bluserwer.pl\/index.php\/o-nas\/","title":{"rendered":"Sklep"},"content":{"rendered":"\n<p>Mo\u017cesz by\u0107 artyst\u0105, kt\u00f3ry chcia\u0142by przedstawi\u0107 siebie i swoj\u0105 prac\u0119, a mo\u017ce to strona firmowa, a sama firma ma misj\u0119 do opisania.<\/p>\n\n\n\n<figure class=\"wp-block-image size-large\"><img loading=\"lazy\" width=\"298\" height=\"400\" src=\"http:\/\/www.35robotki.bluserwer.pl\/wp-content\/uploads\/2020\/11\/Jezus.jpg\" alt=\"\" class=\"wp-image-81\" srcset=\"https:\/\/www.35robotki.bluserwer.pl\/wp-content\/uploads\/2020\/11\/Jezus.jpg 298w, https:\/\/www.35robotki.bluserwer.pl\/wp-content\/uploads\/2020\/11\/Jezus-224x300.jpg 224w\" sizes=\"(max-width: 298px) 100vw, 298px\" \/><\/figure>\n\n\n\n<figure class=\"wp-block-gallery columns-1 is-cropped\"><ul class=\"blocks-gallery-grid\"><li class=\"blocks-gallery-item\"><figure><img loading=\"lazy\" width=\"304\" height=\"389\" src=\"http:\/\/www.35robotki.bluserwer.pl\/wp-content\/uploads\/2020\/11\/Kotek.jpg\" alt=\"\" data-id=\"100\" data-full-url=\"http:\/\/www.35robotki.bluserwer.pl\/wp-content\/uploads\/2020\/11\/Kotek.jpg\" data-link=\"http:\/\/www.35robotki.bluserwer.pl\/index.php\/2020\/11\/08\/kotek\/kotek\/\" class=\"wp-image-100\" srcset=\"https:\/\/www.35robotki.bluserwer.pl\/wp-content\/uploads\/2020\/11\/Kotek.jpg 304w, https:\/\/www.35robotki.bluserwer.pl\/wp-content\/uploads\/2020\/11\/Kotek-234x300.jpg 234w\" sizes=\"(max-width: 304px) 100vw, 304px\" \/><\/figure><\/li><\/ul><\/figure>\n\n\n\n<figure class=\"wp-block-image size-large\"><img loading=\"lazy\" width=\"376\" height=\"231\" src=\"http:\/\/www.35robotki.bluserwer.pl\/wp-content\/uploads\/2020\/11\/Mis-Puchatek.jpg\" alt=\"\" class=\"wp-image-97\" srcset=\"https:\/\/www.35robotki.bluserwer.pl\/wp-content\/uploads\/2020\/11\/Mis-Puchatek.jpg 376w, https:\/\/www.35robotki.bluserwer.pl\/wp-content\/uploads\/2020\/11\/Mis-Puchatek-300x184.jpg 300w\" sizes=\"(max-width: 376px) 100vw, 376px\" \/><\/figure>\n\n\n\n<figure class=\"wp-block-image size-large\"><img loading=\"lazy\" width=\"262\" height=\"400\" src=\"http:\/\/www.35robotki.bluserwer.pl\/wp-content\/uploads\/2020\/11\/Cialo-jezusa.jpg\" alt=\"\" class=\"wp-image-93\" srcset=\"https:\/\/www.35robotki.bluserwer.pl\/wp-content\/uploads\/2020\/11\/Cialo-jezusa.jpg 262w, https:\/\/www.35robotki.bluserwer.pl\/wp-content\/uploads\/2020\/11\/Cialo-jezusa-197x300.jpg 197w\" sizes=\"(max-width: 262px) 100vw, 262px\" \/><\/figure>\n\n\n\n<figure class=\"wp-block-image size-large\"><img loading=\"lazy\" width=\"258\" height=\"400\" src=\"http:\/\/www.35robotki.bluserwer.pl\/wp-content\/uploads\/2020\/11\/Drzwi.jpg\" alt=\"\" class=\"wp-image-87\" srcset=\"https:\/\/www.35robotki.bluserwer.pl\/wp-content\/uploads\/2020\/11\/Drzwi.jpg 258w, https:\/\/www.35robotki.bluserwer.pl\/wp-content\/uploads\/2020\/11\/Drzwi-194x300.jpg 194w\" sizes=\"(max-width: 258px) 100vw, 258px\" \/><\/figure>\n\n\n\n<figure class=\"wp-block-image size-large\"><img loading=\"lazy\" width=\"376\" height=\"389\" src=\"http:\/\/www.35robotki.bluserwer.pl\/wp-content\/uploads\/2020\/11\/Wianek-z-dzwonkami.jpg\" alt=\"\" class=\"wp-image-84\" srcset=\"https:\/\/www.35robotki.bluserwer.pl\/wp-content\/uploads\/2020\/11\/Wianek-z-dzwonkami.jpg 376w, https:\/\/www.35robotki.bluserwer.pl\/wp-content\/uploads\/2020\/11\/Wianek-z-dzwonkami-290x300.jpg 290w\" sizes=\"(max-width: 376px) 100vw, 376px\" \/><\/figure>\n","protected":false},"excerpt":{"rendered":"<p>Mo\u017cesz by\u0107 artyst\u0105, kt\u00f3ry chcia\u0142by przedstawi\u0107 siebie i swoj\u0105 prac\u0119, a mo\u017ce to strona firmowa, a sama firma ma misj\u0119&#8230;<\/p>\n","protected":false},"author":1,"featured_media":79,"parent":0,"menu_order":0,"comment_status":"closed","ping_status":"closed","template":"","meta":[],"_links":{"self":[{"href":"https:\/\/www.35robotki.bluserwer.pl\/index.php\/wp-json\/wp\/v2\/pages\/8"}],"collection":[{"href":"https:\/\/www.35robotki.bluserwer.pl\/index.php\/wp-json\/wp\/v2\/pages"}],"about":[{"href":"https:\/\/www.35robotki.bluserwer.pl\/index.php\/wp-json\/wp\/v2\/types\/page"}],"author":[{"embeddable":true,"href":"https:\/\/www.35robotki.bluserwer.pl\/index.php\/wp-json\/wp\/v2\/users\/1"}],"replies":[{"embeddable":true,"href":"https:\/\/www.35robotki.bluserwer.pl\/index.php\/wp-json\/wp\/v2\/comments?post=8"}],"version-history":[{"count":6,"href":"https:\/\/www.35robotki.bluserwer.pl\/index.php\/wp-json\/wp\/v2\/pages\/8\/revisions"}],"predecessor-version":[{"id":128,"href":"https:\/\/www.35robotki.bluserwer.pl\/index.php\/wp-json\/wp\/v2\/pages\/8\/revisions\/128"}],"wp:featuredmedia":[{"embeddable":true,"href":"https:\/\/www.35robotki.bluserwer.pl\/index.php\/wp-json\/wp\/v2\/media\/79"}],"wp:attachment":[{"href":"https:\/\/www.35robotki.bluserwer.pl\/index.php\/wp-json\/wp\/v2\/media?parent=8"}],"curies":[{"name":"wp","href":"https:\/\/api.w.org\/{rel}","templated":true}]}}